{"id":47,"date":"2021-07-20T14:58:17","date_gmt":"2021-07-20T12:58:17","guid":{"rendered":"https:\/\/nissan-stumpfl.de\/de\/?page_id=47"},"modified":"2025-02-22T14:16:22","modified_gmt":"2025-02-22T13:16:22","slug":"datenschutz","status":"publish","type":"page","link":"https:\/\/nissan-stumpfl.de\/de\/datenschutz\/","title":{"rendered":"Datenschutz"},"content":{"rendered":"<p>[et_pb_section fb_built=&#8220;1&#8243; custom_padding_last_edited=&#8220;on|phone&#8220; _builder_version=&#8220;4.27.4&#8243; _module_preset=&#8220;default&#8220; custom_padding=&#8220;100px|50px||50px|false|true&#8220; custom_padding_tablet=&#8220;|50px||50px|false|true&#8220; custom_padding_phone=&#8220;|10px||10px|false|true&#8220; top_divider_style=&#8220;slant2&#8243; top_divider_color=&#8220;#CCCCCC&#8220; hover_enabled=&#8220;0&#8243; global_colors_info=&#8220;{}&#8220; top_divider_flip=&#8220;horizontal&#8220; sticky_enabled=&#8220;0&#8243;][et_pb_row column_structure=&#8220;1_2,1_2&#8243; _builder_version=&#8220;4.16&#8243; _module_preset=&#8220;default&#8220; width=&#8220;100%&#8220; global_colors_info=&#8220;{}&#8220;][et_pb_column type=&#8220;1_2&#8243; _builder_version=&#8220;4.16&#8243; _module_preset=&#8220;default&#8220; global_colors_info=&#8220;{}&#8220;][et_pb_text _builder_version=&#8220;4.27.4&#8243; text_font_size=&#8220;18px&#8220; text_line_height=&#8220;1.8em&#8220; header_2_font=&#8220;Unna||||||||&#8220; header_2_text_color=&#8220;#60544F&#8220; header_2_font_size=&#8220;2vw&#8220; header_3_font=&#8220;|||on|||||&#8220; header_3_text_color=&#8220;#D22739&#8243; header_3_font_size=&#8220;2vw&#8220; text_orientation=&#8220;center&#8220; max_width=&#8220;750px&#8220; module_alignment=&#8220;center&#8220; custom_margin_tablet=&#8220;&#8220; custom_margin_phone=&#8220;40px||||false|false&#8220; custom_margin_last_edited=&#8220;on|phone&#8220; text_font_size_tablet=&#8220;16px&#8220; text_font_size_phone=&#8220;15px&#8220; text_font_size_last_edited=&#8220;on|phone&#8220; header_2_font_size_tablet=&#8220;48px&#8220; header_2_font_size_phone=&#8220;32px&#8220; header_2_font_size_last_edited=&#8220;on|phone&#8220; header_3_font_size_tablet=&#8220;2vw&#8220; header_3_font_size_phone=&#8220;8vw&#8220; header_3_font_size_last_edited=&#8220;on|phone&#8220; global_colors_info=&#8220;{}&#8220;]<\/p>\n<h3 style=\"text-align: left;\">DATENSCHUTZ<\/h3>\n<p>[\/et_pb_text][et_pb_text _builder_version=&#8220;4.27.4&#8243; _module_preset=&#8220;default&#8220; text_text_color=&#8220;#60544F&#8220; global_colors_info=&#8220;{}&#8220;]<\/p>\n<p>Die Adresse unserer Website ist: <a href=\"https:\/\/www.nissan-stumpfl.de\">https:\/\/www.nissan-stumpfl.de<\/a><\/p>\n<p><b><span>Die Kontaktdaten des Unternehmens:<\/span><\/b><\/p>\n<p><b>Autohaus Stumpfl GmbH<\/b><br \/>Mendener Stra\u00dfe 37<br \/>53840 Troisdorf<br \/>Telefon: 02241 \/ 80 44 31<br \/>Telefax: 02241 \/ 7 36 50<br \/><span>E-Mail: Service@nissan24.de<br \/>Website:\u00a0<a href=\"http:\/\/www.nissan24.de\">www.nissan24.de<\/a><\/span><\/p>\n<p><span><b>Die Kontaktdaten des Datenschutzbeauftragten:<\/b><br \/>Rene Pascher<br \/>Autohaus Stumpfl GmbH<br \/>Mendener Stra\u00dfe 37<br \/>53840 Troisdorf<br \/>Deutschland<br \/>Tel.: 02241-804431<br \/>E-Mail: service@nissan24.de<br \/>Website:\u00a0<a href=\"http:\/\/www.nissan24.de\">www.nissan24.de<\/a><\/span><\/p>\n<h3><b>Datenschutzerkl\u00e4rung<\/b><\/h3>\n<p><span>Sie erhalten als Nutzer unserer Internetseite in dieser Datenschutzerkl\u00e4rung alle notwendigen Informationen dar\u00fcber, wie, in welchem Umfang sowie zu welchem Zweck wir oder Drittanbieter Daten von Ihnen erheben und diese verwenden. Die Erhebung und Nutzung Ihrer Daten erfolgt streng nach den Vorgaben des Bundesdatenschutzgesetzes (BDSG) und des Telemediengesetzes (TMG). Wir f\u00fchlen uns der Vertraulichkeit Ihrer personenbezogenen Daten besonders verpflichtet und arbeiten deshalb streng innerhalb der Grenzen, die die gesetzlichen Vorgaben uns setzen. Die Erhebung dieser personenbezogenen Daten erfolgt auf freiwilliger Basis, wenn uns das m\u00f6glich ist. Auch geben wir diese Daten nur mit Ihrer ausdr\u00fccklichen Zustimmung an Dritte weiter. Wir m\u00f6chten es aber an dieser Stelle nicht vers\u00e4umen, auf die allgemeinen Gefahren der Internetnutzung hinzuweisen, auf die wir keinen Einfluss haben. Besonders im E-Mail-Verkehr sind Ihre Daten ohne weitere Vorkehrungen nicht sicher und k\u00f6nnen unter Umst\u00e4nden von Dritten erfasst werden.<\/span>.<\/p>\n<h3><b>Auskunft, L\u00f6schung, Sperrung<\/b><\/h3>\n<p><span>Sie erhalten jederzeit unentgeltlich Auskunft \u00fcber die von uns gespeicherten personenbezogenen Daten zu Ihrer Person sowie zur Herkunft, dem Empf\u00e4nger und dem Zweck von Datenerhebung sowie Datenverarbeitung. Au\u00dferdem haben Sie das Recht, die Berichtigung, die Sperrung oder L\u00f6schung Ihrer Daten zu verlangen. Ausgenommen davon sind Daten, die aufgrund gesetzlicher Vorschriften aufbewahrt oder zur ordnungsgem\u00e4\u00dfen Gesch\u00e4ftsabwicklung ben\u00f6tigt werden. Damit eine Datensperre jederzeit realisiert werden kann, werden Daten zu Kontrollzwecken in einer Sperrdatei vorgehalten. Werden Daten nicht von einer gesetzlichen Archivierungspflicht erfasst, l\u00f6schen wir Ihre Daten auf Ihren Wunsch. Greift die Archivierungspflicht, sperren wir Ihre Daten. F\u00fcr alle Fragen und Anliegen zur Berichtigung, Sperrung oder L\u00f6schung von personenbezogenen Daten wenden Sie sich bitte an unseren Datenschutzbeauftragten unter den Kontaktdaten in dieser Datenschutzerkl\u00e4rung bzw. an die im Impressum genannte Adresse.<\/span><\/p>\n<p>&nbsp;<\/p>\n<p>[\/et_pb_text][\/et_pb_column][et_pb_column type=&#8220;1_2&#8243; _builder_version=&#8220;4.16&#8243; _module_preset=&#8220;default&#8220; global_colors_info=&#8220;{}&#8220;][et_pb_text _builder_version=&#8220;4.27.4&#8243; _module_preset=&#8220;default&#8220; text_text_color=&#8220;#60544F&#8220; global_colors_info=&#8220;{}&#8220;]<\/p>\n<h3><b>Inhalte und Dienste von Drittanbietern<\/b><\/h3>\n<p><span>Das Angebot auf unserer Webseite erfasst unter Umst\u00e4nden auch Inhalte, Dienste und Leistungen von anderen Anbietern, die unser Angebot erg\u00e4nzen. Beispiele f\u00fcr solche Angebote sind Karten von Google-Maps, YouTube-Videos oder Grafikdarstellungen Dritter. Der Aufruf dieser Leistungen von dritter Seite erfordert regelm\u00e4\u00dfig die \u00dcbermittlung Ihrer IP-Adresse. Damit ist es diesen Anbietern m\u00f6glich, Ihre Nutzer-IP-Adresse wahrzunehmen und diese auch zu speichern. Wir bem\u00fchen uns sehr, nur solche Drittanbieter einzubeziehen, die IP-Adressen allein zur Auslieferung der Inhalte nutzen. Wir haben dabei jedoch keinen Einfluss darauf, welcher Drittanbieter gegebenenfalls die IP-Adresse speichert. Diese Speicherung kann zum Beispiel statistischen Zwecken dienen. Sollten wir von Speicherungsvorg\u00e4ngen durch Drittanbieter Kenntnis erlangen, weisen wir unsere Nutzer unverz\u00fcglich auf diese Tatsache hin. Beachten Sie bitte in diesem Zusammenhang auch die speziellen Datenschutzerkl\u00e4rungen zu einzelnen Drittanbietern und Dienstleistern, deren Service wir auf unserer Webseite nutzen. Sie finden Sie ebenfalls in dieser Datenschutzerkl\u00e4rung.<\/span><\/p>\n<h3><b>Personenbezogene Daten<\/b><\/h3>\n<p><span>Personenbezogene Daten erheben wir im Rahmen von Datenvermeidung und Datensparsamkeit nur in dem Ausma\u00df und so lange, wie es zur Nutzung unserer Webseite notwendig ist, beziehungsweise vom Gesetzgeber vorgeschrieben wird. Wir nehmen den Schutz Ihrer pers\u00f6nlichen Daten ernst und halten uns bei Erhebung und Verarbeitung personenbezogener Daten streng an die entsprechenden gesetzlichen Vorschriften und an diese Datenschutzerkl\u00e4rung. F\u00e4llt der Zweck der Datenerhebung weg oder ist das Ende der gesetzlichen Speicherfrist erreicht, werden die erhobenen Daten gesperrt oder gel\u00f6scht. Regelm\u00e4\u00dfig kann unsere Webseite ohne die Weitergabe pers\u00f6nlicher Daten genutzt werden. Wenn wir personenbezogene Daten erheben \u2013 etwa Ihren Namen, Ihre Anschrift oder Ihre E-Mail-Adresse \u2013 erfolgt diese Datenerhebung freiwillig. Ohne eine ausdr\u00fccklich erteilte Zustimmung von Ihrer Seite werden diese Daten Dritten nicht zur Kenntnis gebracht. Beachten Sie bitte, dass Daten im Internet allgemein nicht immer sicher \u00fcbertragen werden. Besonders im E-Mail-Verkehr kann der Schutz beim Datenaustausch nicht garantiert werden.<\/span><\/p>\n<h3><b>Server Logfiles<\/b><\/h3>\n<p><span>Bei den Server Logfiles handelt es sich um anonymisierte Daten, die bei Ihrem Zugriff auf unsere Webseite erfasst werden. Diese Informationen erm\u00f6glichen keine R\u00fcckschl\u00fcsse auf Sie pers\u00f6nlich, sind aber aus technischen Gr\u00fcnden f\u00fcr die Auslieferung und Darstellung unserer Inhalte unverzichtbar. Weiterhin dienen Sie unserer Statistik und der st\u00e4ndigen Optimierung unserer Inhalte. Typische Logfiles sind das Datum und die Zeit des Zugriffs, die Datenmenge, der f\u00fcr den Zugriff benutzte Browser und seine Version, das eingesetzte Betriebssystem, der Domainname des von Ihnen beauftragten Providers, die Seite, von der Sie zu unserem Angebot gekommen sind (Referrer-URL) und Ihre IP-Adresse. Logfiles erm\u00f6glichen au\u00dferdem eine genaue Pr\u00fcfung bei Verdacht auf eine rechtswidrige Nutzung unserer Webseite.<\/span><\/p>\n<h3><b>Widerspruch Werbe-E-Mails<\/b><\/h3>\n<p><span>Im Rahmen der gesetzlichen Impressumspflicht m\u00fcssen wir unsere Kontaktdaten ver\u00f6ffentlichen. Diese werden von dritten Personen teilweise zur \u00dcbersendung nicht erw\u00fcnschter Werbung und Informationen genutzt. Wir widersprechen hiermit jeglicher von uns nicht ausdr\u00fccklich autorisierten \u00dcbersendung von Werbematerial aller Art. Wir behalten uns ferner ausdr\u00fccklich rechtliche Schritte gegen die unerw\u00fcnschte und unverlangte Zusendung von Werbematerial vor. Dies gilt insbesondere f\u00fcr sogenannte Spam-E-Mails, Spam-Briefe und Spam-Faxe. Wir weisen darauf hin, dass die unautorisierte \u00dcbermittlung von Werbematerial sowohl wettbewerbsrechtliche, zivilrechtliche und strafrechtliche Tatbest\u00e4nde ber\u00fchren kann. Speziell Spam-E-Mails und Spam-Faxe k\u00f6nnen zu hohen Schadensersatzforderungen f\u00fchren, wenn sie den Gesch\u00e4ftsbetrieb durch \u00dcberf\u00fcllung von Postf\u00e4chern oder Faxger\u00e4ten st\u00f6ren.<\/span><\/p>\n<p><span>Diese Datenschutzerkl\u00e4rung wurde erstellt durch\u00a0<a href=\"http:\/\/www.datenschutzexperte.de\" target=\"_blank\" rel=\"noopener\">www.datenschutzexperte.de<\/a><\/span><\/p>\n<p>Stand: Mai 2018<\/p>\n<p>&nbsp;<\/p>\n<p>[\/et_pb_text][\/et_pb_column][\/et_pb_row][\/et_pb_section][et_pb_section fb_built=&#8220;1&#8243; custom_padding_last_edited=&#8220;on|phone&#8220; disabled_on=&#8220;off|off|off&#8220; admin_label=&#8220;Call To Action&#8220; _builder_version=&#8220;4.27.4&#8243; background_color=&#8220;#FFFFFF&#8220; background_enable_image=&#8220;off&#8220; background_size=&#8220;contain&#8220; background_position=&#8220;center_left&#8220; custom_margin=&#8220;||||false|false&#8220; custom_padding=&#8220;||0px||false|false&#8220; custom_padding_tablet=&#8220;||0px||false|false&#8220; custom_padding_phone=&#8220;||30px||false|false&#8220; top_divider_color=&#8220;#CCCCCC&#8220; top_divider_arrangement=&#8220;above_content&#8220; bottom_divider_style=&#8220;slant2&#8243; bottom_divider_color=&#8220;#CCCCCC&#8220; hover_enabled=&#8220;0&#8243; background_last_edited=&#8220;on|phone&#8220; background_enable_image_phone=&#8220;off&#8220; border_color_all=&#8220;#f1f5f7&#8243; border_color_bottom=&#8220;#941E45&#8243; global_colors_info=&#8220;{}&#8220; sticky_enabled=&#8220;0&#8243;][\/et_pb_section]<\/p>\n","protected":false},"excerpt":{"rendered":"<p>DATENSCHUTZDie Adresse unserer Website ist: https:\/\/www.nissan-stumpfl.de Die Kontaktdaten des Unternehmens: Autohaus Stumpfl GmbHMendener Stra\u00dfe 3753840 TroisdorfTelefon: 02241 \/ 80 44 31Telefax: 02241 \/ 7 36 50E-Mail: Service@nissan24.deWebsite:\u00a0www.nissan24.de Die Kontaktdaten des Datenschutzbeauftragten:Rene PascherAutohaus Stumpfl GmbHMendener Stra\u00dfe 3753840 TroisdorfDeutschlandTel.: 02241-804431E-Mail: service@nissan24.deWebsite:\u00a0www.nissan24.de Datenschutzerkl\u00e4rung Sie erhalten als Nutzer unserer Internetseite in dieser Datenschutzerkl\u00e4rung alle notwendigen Informationen dar\u00fcber, wie, in welchem Umfang sowie zu welchem Zweck wir oder Drittanbieter Daten von Ihnen erheben und diese verwenden. Die Erhebung und Nutzung Ihrer Daten erfolgt streng nach den Vorgaben des Bundesdatenschutzgesetzes (BDSG) und des Telemediengesetzes (TMG). Wir f\u00fchlen uns der Vertraulichkeit Ihrer personenbezogenen Daten besonders verpflichtet und arbeiten deshalb streng innerhalb der Grenzen, die die gesetzlichen Vorgaben uns setzen. Die Erhebung dieser personenbezogenen Daten erfolgt auf freiwilliger Basis, wenn uns das m\u00f6glich ist. Auch geben wir diese Daten nur mit Ihrer ausdr\u00fccklichen Zustimmung an Dritte weiter. Wir m\u00f6chten es aber an dieser Stelle nicht vers\u00e4umen, auf die allgemeinen Gefahren der Internetnutzung hinzuweisen, auf die wir keinen Einfluss haben. Besonders im E-Mail-Verkehr sind Ihre Daten ohne weitere Vorkehrungen nicht sicher und k\u00f6nnen unter Umst\u00e4nden von Dritten erfasst werden.. Auskunft, L\u00f6schung, Sperrung Sie erhalten jederzeit unentgeltlich Auskunft \u00fcber die von uns gespeicherten personenbezogenen Daten zu Ihrer Person sowie zur [&hellip;]<\/p>\n","protected":false},"author":1,"featured_media":0,"parent":0,"menu_order":0,"comment_status":"closed","ping_status":"closed","template":"","meta":{"_et_pb_use_builder":"on","_et_pb_old_content":"<!-- wp:divi\/placeholder \/-->","_et_gb_content_width":"","footnotes":""},"class_list":["post-47","page","type-page","status-publish","hentry"],"yoast_head":"<!-- This site is optimized with the Yoast SEO plugin v27.3 - https:\/\/yoast.com\/product\/yoast-seo-wordpress\/ -->\n<title>Datenschutz - Autohaus Stumpfl GmbH<\/title>\n<meta name=\"robots\" content=\"index, follow, max-snippet:-1, max-image-preview:large, max-video-preview:-1\" \/>\n<link rel=\"canonical\" href=\"https:\/\/nissan-stumpfl.de\/de\/datenschutz\/\" \/>\n<meta property=\"og:locale\" content=\"de_DE\" \/>\n<meta property=\"og:type\" content=\"article\" \/>\n<meta property=\"og:title\" content=\"Datenschutz - Autohaus Stumpfl GmbH\" \/>\n<meta property=\"og:description\" content=\"DATENSCHUTZDie Adresse unserer Website ist: https:\/\/www.nissan-stumpfl.de Die Kontaktdaten des Unternehmens: Autohaus Stumpfl GmbHMendener Stra\u00dfe 3753840 TroisdorfTelefon: 02241 \/ 80 44 31Telefax: 02241 \/ 7 36 50E-Mail: Service@nissan24.deWebsite:\u00a0www.nissan24.de Die Kontaktdaten des Datenschutzbeauftragten:Rene PascherAutohaus Stumpfl GmbHMendener Stra\u00dfe 3753840 TroisdorfDeutschlandTel.: 02241-804431E-Mail: service@nissan24.deWebsite:\u00a0www.nissan24.de Datenschutzerkl\u00e4rung Sie erhalten als Nutzer unserer Internetseite in dieser Datenschutzerkl\u00e4rung alle notwendigen Informationen dar\u00fcber, wie, in welchem Umfang sowie zu welchem Zweck wir oder Drittanbieter Daten von Ihnen erheben und diese verwenden. Die Erhebung und Nutzung Ihrer Daten erfolgt streng nach den Vorgaben des Bundesdatenschutzgesetzes (BDSG) und des Telemediengesetzes (TMG). Wir f\u00fchlen uns der Vertraulichkeit Ihrer personenbezogenen Daten besonders verpflichtet und arbeiten deshalb streng innerhalb der Grenzen, die die gesetzlichen Vorgaben uns setzen. Die Erhebung dieser personenbezogenen Daten erfolgt auf freiwilliger Basis, wenn uns das m\u00f6glich ist. Auch geben wir diese Daten nur mit Ihrer ausdr\u00fccklichen Zustimmung an Dritte weiter. Wir m\u00f6chten es aber an dieser Stelle nicht vers\u00e4umen, auf die allgemeinen Gefahren der Internetnutzung hinzuweisen, auf die wir keinen Einfluss haben. Besonders im E-Mail-Verkehr sind Ihre Daten ohne weitere Vorkehrungen nicht sicher und k\u00f6nnen unter Umst\u00e4nden von Dritten erfasst werden.. Auskunft, L\u00f6schung, Sperrung Sie erhalten jederzeit unentgeltlich Auskunft \u00fcber die von uns gespeicherten personenbezogenen Daten zu Ihrer Person sowie zur [&hellip;]\" \/>\n<meta property=\"og:url\" content=\"https:\/\/nissan-stumpfl.de\/de\/datenschutz\/\" \/>\n<meta property=\"og:site_name\" content=\"Autohaus Stumpfl GmbH\" \/>\n<meta property=\"article:modified_time\" content=\"2025-02-22T13:16:22+00:00\" \/>\n<meta name=\"twitter:card\" content=\"summary_large_image\" \/>\n<meta name=\"twitter:label1\" content=\"Gesch\u00e4tzte Lesezeit\" \/>\n\t<meta name=\"twitter:data1\" content=\"6\u00a0Minuten\" \/>\n<script type=\"application\/ld+json\" class=\"yoast-schema-graph\">{\"@context\":\"https:\\\/\\\/schema.org\",\"@graph\":[{\"@type\":\"WebPage\",\"@id\":\"https:\\\/\\\/nissan-stumpfl.de\\\/de\\\/datenschutz\\\/\",\"url\":\"https:\\\/\\\/nissan-stumpfl.de\\\/de\\\/datenschutz\\\/\",\"name\":\"Datenschutz - Autohaus Stumpfl GmbH\",\"isPartOf\":{\"@id\":\"https:\\\/\\\/nissan-stumpfl.de\\\/de\\\/#website\"},\"datePublished\":\"2021-07-20T12:58:17+00:00\",\"dateModified\":\"2025-02-22T13:16:22+00:00\",\"breadcrumb\":{\"@id\":\"https:\\\/\\\/nissan-stumpfl.de\\\/de\\\/datenschutz\\\/#breadcrumb\"},\"inLanguage\":\"de\",\"potentialAction\":[{\"@type\":\"ReadAction\",\"target\":[\"https:\\\/\\\/nissan-stumpfl.de\\\/de\\\/datenschutz\\\/\"]}]},{\"@type\":\"BreadcrumbList\",\"@id\":\"https:\\\/\\\/nissan-stumpfl.de\\\/de\\\/datenschutz\\\/#breadcrumb\",\"itemListElement\":[{\"@type\":\"ListItem\",\"position\":1,\"name\":\"Startseite\",\"item\":\"https:\\\/\\\/nissan-stumpfl.de\\\/de\\\/\"},{\"@type\":\"ListItem\",\"position\":2,\"name\":\"Datenschutz\"}]},{\"@type\":\"WebSite\",\"@id\":\"https:\\\/\\\/nissan-stumpfl.de\\\/de\\\/#website\",\"url\":\"https:\\\/\\\/nissan-stumpfl.de\\\/de\\\/\",\"name\":\"Autohaus Stumpfl GmbH\",\"description\":\"Ihre Autowerkstatt f\u00fcr alle Marken\",\"publisher\":{\"@id\":\"https:\\\/\\\/nissan-stumpfl.de\\\/de\\\/#organization\"},\"potentialAction\":[{\"@type\":\"SearchAction\",\"target\":{\"@type\":\"EntryPoint\",\"urlTemplate\":\"https:\\\/\\\/nissan-stumpfl.de\\\/de\\\/?s={search_term_string}\"},\"query-input\":{\"@type\":\"PropertyValueSpecification\",\"valueRequired\":true,\"valueName\":\"search_term_string\"}}],\"inLanguage\":\"de\"},{\"@type\":\"Organization\",\"@id\":\"https:\\\/\\\/nissan-stumpfl.de\\\/de\\\/#organization\",\"name\":\"Autohaus Stumpfl GmbH\",\"url\":\"https:\\\/\\\/nissan-stumpfl.de\\\/de\\\/\",\"logo\":{\"@type\":\"ImageObject\",\"inLanguage\":\"de\",\"@id\":\"https:\\\/\\\/nissan-stumpfl.de\\\/de\\\/#\\\/schema\\\/logo\\\/image\\\/\",\"url\":\"https:\\\/\\\/nissan-stumpfl.de\\\/de\\\/wp-content\\\/uploads\\\/2025\\\/02\\\/Stumpfl_Logo_Neu.svg\",\"contentUrl\":\"https:\\\/\\\/nissan-stumpfl.de\\\/de\\\/wp-content\\\/uploads\\\/2025\\\/02\\\/Stumpfl_Logo_Neu.svg\",\"width\":1,\"height\":1,\"caption\":\"Autohaus Stumpfl GmbH\"},\"image\":{\"@id\":\"https:\\\/\\\/nissan-stumpfl.de\\\/de\\\/#\\\/schema\\\/logo\\\/image\\\/\"}}]}<\/script>\n<!-- \/ Yoast SEO plugin. -->","yoast_head_json":{"title":"Datenschutz - Autohaus Stumpfl GmbH","robots":{"index":"index","follow":"follow","max-snippet":"max-snippet:-1","max-image-preview":"max-image-preview:large","max-video-preview":"max-video-preview:-1"},"canonical":"https:\/\/nissan-stumpfl.de\/de\/datenschutz\/","og_locale":"de_DE","og_type":"article","og_title":"Datenschutz - Autohaus Stumpfl GmbH","og_description":"DATENSCHUTZDie Adresse unserer Website ist: https:\/\/www.nissan-stumpfl.de Die Kontaktdaten des Unternehmens: Autohaus Stumpfl GmbHMendener Stra\u00dfe 3753840 TroisdorfTelefon: 02241 \/ 80 44 31Telefax: 02241 \/ 7 36 50E-Mail: Service@nissan24.deWebsite:\u00a0www.nissan24.de Die Kontaktdaten des Datenschutzbeauftragten:Rene PascherAutohaus Stumpfl GmbHMendener Stra\u00dfe 3753840 TroisdorfDeutschlandTel.: 02241-804431E-Mail: service@nissan24.deWebsite:\u00a0www.nissan24.de Datenschutzerkl\u00e4rung Sie erhalten als Nutzer unserer Internetseite in dieser Datenschutzerkl\u00e4rung alle notwendigen Informationen dar\u00fcber, wie, in welchem Umfang sowie zu welchem Zweck wir oder Drittanbieter Daten von Ihnen erheben und diese verwenden. Die Erhebung und Nutzung Ihrer Daten erfolgt streng nach den Vorgaben des Bundesdatenschutzgesetzes (BDSG) und des Telemediengesetzes (TMG). Wir f\u00fchlen uns der Vertraulichkeit Ihrer personenbezogenen Daten besonders verpflichtet und arbeiten deshalb streng innerhalb der Grenzen, die die gesetzlichen Vorgaben uns setzen. Die Erhebung dieser personenbezogenen Daten erfolgt auf freiwilliger Basis, wenn uns das m\u00f6glich ist. Auch geben wir diese Daten nur mit Ihrer ausdr\u00fccklichen Zustimmung an Dritte weiter. Wir m\u00f6chten es aber an dieser Stelle nicht vers\u00e4umen, auf die allgemeinen Gefahren der Internetnutzung hinzuweisen, auf die wir keinen Einfluss haben. Besonders im E-Mail-Verkehr sind Ihre Daten ohne weitere Vorkehrungen nicht sicher und k\u00f6nnen unter Umst\u00e4nden von Dritten erfasst werden.. Auskunft, L\u00f6schung, Sperrung Sie erhalten jederzeit unentgeltlich Auskunft \u00fcber die von uns gespeicherten personenbezogenen Daten zu Ihrer Person sowie zur [&hellip;]","og_url":"https:\/\/nissan-stumpfl.de\/de\/datenschutz\/","og_site_name":"Autohaus Stumpfl GmbH","article_modified_time":"2025-02-22T13:16:22+00:00","twitter_card":"summary_large_image","twitter_misc":{"Gesch\u00e4tzte Lesezeit":"6\u00a0Minuten"},"schema":{"@context":"https:\/\/schema.org","@graph":[{"@type":"WebPage","@id":"https:\/\/nissan-stumpfl.de\/de\/datenschutz\/","url":"https:\/\/nissan-stumpfl.de\/de\/datenschutz\/","name":"Datenschutz - Autohaus Stumpfl GmbH","isPartOf":{"@id":"https:\/\/nissan-stumpfl.de\/de\/#website"},"datePublished":"2021-07-20T12:58:17+00:00","dateModified":"2025-02-22T13:16:22+00:00","breadcrumb":{"@id":"https:\/\/nissan-stumpfl.de\/de\/datenschutz\/#breadcrumb"},"inLanguage":"de","potentialAction":[{"@type":"ReadAction","target":["https:\/\/nissan-stumpfl.de\/de\/datenschutz\/"]}]},{"@type":"BreadcrumbList","@id":"https:\/\/nissan-stumpfl.de\/de\/datenschutz\/#breadcrumb","itemListElement":[{"@type":"ListItem","position":1,"name":"Startseite","item":"https:\/\/nissan-stumpfl.de\/de\/"},{"@type":"ListItem","position":2,"name":"Datenschutz"}]},{"@type":"WebSite","@id":"https:\/\/nissan-stumpfl.de\/de\/#website","url":"https:\/\/nissan-stumpfl.de\/de\/","name":"Autohaus Stumpfl GmbH","description":"Ihre Autowerkstatt f\u00fcr alle Marken","publisher":{"@id":"https:\/\/nissan-stumpfl.de\/de\/#organization"},"potentialAction":[{"@type":"SearchAction","target":{"@type":"EntryPoint","urlTemplate":"https:\/\/nissan-stumpfl.de\/de\/?s={search_term_string}"},"query-input":{"@type":"PropertyValueSpecification","valueRequired":true,"valueName":"search_term_string"}}],"inLanguage":"de"},{"@type":"Organization","@id":"https:\/\/nissan-stumpfl.de\/de\/#organization","name":"Autohaus Stumpfl GmbH","url":"https:\/\/nissan-stumpfl.de\/de\/","logo":{"@type":"ImageObject","inLanguage":"de","@id":"https:\/\/nissan-stumpfl.de\/de\/#\/schema\/logo\/image\/","url":"https:\/\/nissan-stumpfl.de\/de\/wp-content\/uploads\/2025\/02\/Stumpfl_Logo_Neu.svg","contentUrl":"https:\/\/nissan-stumpfl.de\/de\/wp-content\/uploads\/2025\/02\/Stumpfl_Logo_Neu.svg","width":1,"height":1,"caption":"Autohaus Stumpfl GmbH"},"image":{"@id":"https:\/\/nissan-stumpfl.de\/de\/#\/schema\/logo\/image\/"}}]}},"_links":{"self":[{"href":"https:\/\/nissan-stumpfl.de\/de\/wp-json\/wp\/v2\/pages\/47","targetHints":{"allow":["GET"]}}],"collection":[{"href":"https:\/\/nissan-stumpfl.de\/de\/wp-json\/wp\/v2\/pages"}],"about":[{"href":"https:\/\/nissan-stumpfl.de\/de\/wp-json\/wp\/v2\/types\/page"}],"author":[{"embeddable":true,"href":"https:\/\/nissan-stumpfl.de\/de\/wp-json\/wp\/v2\/users\/1"}],"replies":[{"embeddable":true,"href":"https:\/\/nissan-stumpfl.de\/de\/wp-json\/wp\/v2\/comments?post=47"}],"version-history":[{"count":13,"href":"https:\/\/nissan-stumpfl.de\/de\/wp-json\/wp\/v2\/pages\/47\/revisions"}],"predecessor-version":[{"id":963,"href":"https:\/\/nissan-stumpfl.de\/de\/wp-json\/wp\/v2\/pages\/47\/revisions\/963"}],"wp:attachment":[{"href":"https:\/\/nissan-stumpfl.de\/de\/wp-json\/wp\/v2\/media?parent=47"}],"curies":[{"name":"wp","href":"https:\/\/api.w.org\/{rel}","templated":true}]}}